{"id":1907,"date":"2026-03-24T20:05:24","date_gmt":"2026-03-24T19:05:24","guid":{"rendered":"https:\/\/diva.awsstudio.net\/?page_id=1907"},"modified":"2026-03-24T20:07:07","modified_gmt":"2026-03-24T19:07:07","slug":"blog","status":"publish","type":"page","link":"https:\/\/diva.awsstudio.net\/sr\/blog\/","title":{"rendered":"\u0411\u043b\u043e\u0433"},"content":{"rendered":"<div data-elementor-type=\"wp-page\" data-elementor-id=\"1907\" class=\"elementor elementor-1907\" data-elementor-post-type=\"page\">\n\t\t\t\t<div class=\"elementor-element elementor-element-5e091297 e-flex e-con-boxed wpr-particle-no wpr-jarallax-no wpr-parallax-no wpr-sticky-section-no e-con e-parent\" data-id=\"5e091297\" data-element_type=\"container\" data-e-type=\"container\" data-settings=\"{&quot;background_background&quot;:&quot;classic&quot;}\">\n\t\t\t\t\t<div class=\"e-con-inner\">\n\t\t\t\t<div class=\"elementor-element elementor-element-76aab127 elementor-widget elementor-widget-heading\" data-id=\"76aab127\" data-element_type=\"widget\" data-e-type=\"widget\" data-widget_type=\"heading.default\">\n\t\t\t\t\t<h2 class=\"elementor-heading-title elementor-size-default\">\u0411\u043b\u043e\u0433<\/h2>\t\t\t\t<\/div>\n\t\t\t\t<div class=\"elementor-element elementor-element-458aa9a elementor-grid-tablet-1 elementor-posts--align-center elementor-grid-4 elementor-grid-mobile-1 elementor-posts--thumbnail-top elementor-posts__hover-gradient elementor-widget elementor-widget-posts\" data-id=\"458aa9a\" data-element_type=\"widget\" data-e-type=\"widget\" data-settings=\"{&quot;cards_columns_tablet&quot;:&quot;1&quot;,&quot;cards_row_gap&quot;:{&quot;unit&quot;:&quot;px&quot;,&quot;size&quot;:80,&quot;sizes&quot;:[]},&quot;cards_row_gap_tablet&quot;:{&quot;unit&quot;:&quot;px&quot;,&quot;size&quot;:60,&quot;sizes&quot;:[]},&quot;cards_row_gap_mobile&quot;:{&quot;unit&quot;:&quot;px&quot;,&quot;size&quot;:40,&quot;sizes&quot;:[]},&quot;cards_columns&quot;:&quot;4&quot;,&quot;cards_columns_mobile&quot;:&quot;1&quot;}\" data-widget_type=\"posts.cards\">\n\t\t\t\t<div class=\"elementor-widget-container\">\n\t\t\t\t\t\t\t<div class=\"elementor-posts-container elementor-posts elementor-posts--skin-cards elementor-grid\" role=\"list\">\n\t\t\t\t<article class=\"elementor-post elementor-grid-item post-1921 post type-post status-publish format-standard has-post-thumbnail hentry category-anti-aging\" role=\"listitem\">\n\t\t\t<div class=\"elementor-post__card\">\n\t\t\t\t<a class=\"elementor-post__thumbnail__link\" href=\"https:\/\/diva.awsstudio.net\/sr\/dr-anja-zmbov-edukator-za-primenu-skinbooster-a-i-lider-u-estetskoj-medicini\/\" tabindex=\"-1\" ><div class=\"elementor-post__thumbnail\"><img fetchpriority=\"high\" decoding=\"async\" width=\"1200\" height=\"900\" src=\"https:\/\/diva.awsstudio.net\/wp-content\/uploads\/2026\/03\/Dr-Anja-Zmbov.jpg\" class=\"attachment-full size-full wp-image-1922\" alt=\"\" srcset=\"https:\/\/diva.awsstudio.net\/wp-content\/uploads\/2026\/03\/Dr-Anja-Zmbov.jpg 1200w, https:\/\/diva.awsstudio.net\/wp-content\/uploads\/2026\/03\/Dr-Anja-Zmbov-300x225.jpg 300w, https:\/\/diva.awsstudio.net\/wp-content\/uploads\/2026\/03\/Dr-Anja-Zmbov-1024x768.jpg 1024w, https:\/\/diva.awsstudio.net\/wp-content\/uploads\/2026\/03\/Dr-Anja-Zmbov-768x576.jpg 768w\" sizes=\"(max-width: 1200px) 100vw, 1200px\" \/><\/div><\/a>\n\t\t\t\t<div class=\"elementor-post__badge\">\u0410\u043d\u0442\u0438-\u0435\u0458\u045f\u0438\u043d\u0433<\/div>\n\t\t\t\t<div class=\"elementor-post__text\">\n\t\t\t\t<h4 class=\"elementor-post__title\">\n\t\t\t<a href=\"https:\/\/diva.awsstudio.net\/sr\/dr-anja-zmbov-edukator-za-primenu-skinbooster-a-i-lider-u-estetskoj-medicini\/\" >\n\t\t\t\t\u0414\u0440 \u0410\u045a\u0430 \u0417\u043c\u0431\u043e\u0432 \u0435\u0434\u0443\u043a\u0430\u0442\u043e\u0440 \u0437\u0430 \u043f\u0440\u0438\u043c\u0435\u043d\u0443 \u0441\u043a\u0438\u043d\u0431\u0443\u0441\u0442\u0435\u0440\u0430 \u0438 \u043b\u0438\u0434\u0435\u0440 \u0443 \u0415\u0441\u0442\u0435\u0442\u0441\u043a\u043e\u0458 \u043c\u0435\u0434\u0438\u0446\u0438\u043d\u0438\t\t\t<\/a>\n\t\t<\/h4>\n\t\t\t\t<div class=\"elementor-post__excerpt\">\n\t\t\t<p>\u041d\u0430\u0448\u0430 \u043e\u0440\u0434\u0438\u043d\u0430\u0446\u0438\u0458\u0430 \u0458\u0435 \u0435\u0434\u0443\u043a\u0430\u0442\u0438\u0432\u043d\u0438 \u0446\u0435\u043d\u0442\u0430\u0440 \u0437\u0430 \u043f\u0440\u0438\u043c\u0435\u043d\u0443 PROFHILO-\u0430 \u0438 PROFHILO STRUCTURE \u043d\u0430 \u0447\u0435\u043b\u0443 \u0441\u0430 \u0434\u0440 \u0410\u045a\u043e\u043c \u0417\u043c\u0431\u043e\u0432 \u043a\u043e\u0458\u0430 \u043d\u0435\u0441\u0435\u0431\u0438\u0447\u043d\u043e \u0434\u0435\u043b\u0438 \u0441\u0432\u043e\u0458\u0435 \u0437\u043d\u0430\u045a\u0435 \u0441\u0430 \u043a\u043e\u043b\u0435\u0433\u0430\u043c\u0430 \u043a\u043e\u0458\u0438 \u0441\u0435 \u0431\u0430\u0432\u0435 \u0430\u043d\u0442\u0438\u0435\u0458\u045f\u0438\u043d\u0433\u043e\u043c.<\/p>\n\t\t<\/div>\n\t\t\t\t<\/div>\n\t\t\t\t\t<\/div>\n\t\t<\/article>\n\t\t\t\t<article class=\"elementor-post elementor-grid-item post-1759 post type-post status-publish format-standard has-post-thumbnail hentry category-dermatologija\" role=\"listitem\">\n\t\t\t<div class=\"elementor-post__card\">\n\t\t\t\t<a class=\"elementor-post__thumbnail__link\" href=\"https:\/\/diva.awsstudio.net\/sr\/zasto-su-vazni-redovni-dermatoloski-pregledi\/\" tabindex=\"-1\" ><div class=\"elementor-post__thumbnail\"><img decoding=\"async\" width=\"1080\" height=\"1080\" src=\"https:\/\/diva.awsstudio.net\/wp-content\/uploads\/2026\/03\/zena-na-dermatoloskom-pregledu.jpg.webp\" class=\"attachment-full size-full wp-image-1762\" alt=\"\" srcset=\"https:\/\/diva.awsstudio.net\/wp-content\/uploads\/2026\/03\/zena-na-dermatoloskom-pregledu.jpg.webp 1080w, https:\/\/diva.awsstudio.net\/wp-content\/uploads\/2026\/03\/zena-na-dermatoloskom-pregledu.jpg-300x300.webp 300w, https:\/\/diva.awsstudio.net\/wp-content\/uploads\/2026\/03\/zena-na-dermatoloskom-pregledu.jpg-1024x1024.webp 1024w, https:\/\/diva.awsstudio.net\/wp-content\/uploads\/2026\/03\/zena-na-dermatoloskom-pregledu.jpg-150x150.webp 150w, https:\/\/diva.awsstudio.net\/wp-content\/uploads\/2026\/03\/zena-na-dermatoloskom-pregledu.jpg-768x768.webp 768w\" sizes=\"(max-width: 1080px) 100vw, 1080px\" \/><\/div><\/a>\n\t\t\t\t<div class=\"elementor-post__badge\">\u0414\u0435\u0440\u043c\u0430\u0442\u043e\u043b\u043e\u0433\u0438\u0458\u0430<\/div>\n\t\t\t\t<div class=\"elementor-post__text\">\n\t\t\t\t<h4 class=\"elementor-post__title\">\n\t\t\t<a href=\"https:\/\/diva.awsstudio.net\/sr\/zasto-su-vazni-redovni-dermatoloski-pregledi\/\" >\n\t\t\t\t\u0417\u0430\u0448\u0442\u043e \u0441\u0443 \u0432\u0430\u0436\u043d\u0438 \u0440\u0435\u0434\u043e\u0432\u043d\u0438 \u0434\u0435\u0440\u043c\u0430\u0442\u043e\u043b\u043e\u0448\u043a\u0438 \u043f\u0440\u0435\u0433\u043b\u0435\u0434\u0438?\t\t\t<\/a>\n\t\t<\/h4>\n\t\t\t\t<div class=\"elementor-post__excerpt\">\n\t\t\t<p>\u0420\u0435\u0434\u043e\u0432\u043d\u0438 \u0434\u0435\u0440\u043c\u0430\u0442\u043e\u043b\u043e\u0448\u043a\u0438 \u043f\u0440\u0435\u0433\u043b\u0435\u0434\u0438 \u0441\u0443 \u043a\u0459\u0443\u0447\u043d\u0438 \u0437\u0430 \u043e\u0447\u0443\u0432\u0430\u045a\u0435 \u0437\u0434\u0440\u0430\u0432\u0459\u0430 \u043a\u043e\u0436\u0435, \u0440\u0430\u043d\u0443 \u0434\u0438\u0458\u0430\u0433\u043d\u043e\u0441\u0442\u0438\u043a\u0443 \u043f\u043e\u0442\u0435\u043d\u0446\u0438\u0458\u0430\u043b\u043d\u0438\u0445 \u043f\u0440\u043e\u0431\u043b\u0435\u043c\u0430 \u0438 \u043a\u043e\u0436\u043d\u0438\u0445 \u0431\u043e\u043b\u0435\u0441\u0442\u0438 \u0438 \u043f\u0440\u0435\u0432\u0435\u043d\u0446\u0438\u0458\u0443 \u043e\u0437\u0431\u0438\u0459\u043d\u0438\u0445 \u0441\u0442\u0430\u045a\u0430.<\/p>\n\t\t<\/div>\n\t\t\t\t<\/div>\n\t\t\t\t\t<\/div>\n\t\t<\/article>\n\t\t\t\t<article class=\"elementor-post elementor-grid-item post-1739 post type-post status-publish format-standard has-post-thumbnail hentry category-dermatologija\" role=\"listitem\">\n\t\t\t<div class=\"elementor-post__card\">\n\t\t\t\t<a class=\"elementor-post__thumbnail__link\" href=\"https:\/\/diva.awsstudio.net\/sr\/izdvajamo-se-vas-sve-o-najtrazenijim-uslugama-po-kojima-je-prepoznatljiva-nasa-dermatoloska-ordinacija\/\" tabindex=\"-1\" ><div class=\"elementor-post__thumbnail\"><img decoding=\"async\" width=\"1080\" height=\"1080\" src=\"https:\/\/diva.awsstudio.net\/wp-content\/uploads\/2026\/03\/laserski-tretman-3.jpg.webp\" class=\"attachment-full size-full wp-image-1756\" alt=\"\" srcset=\"https:\/\/diva.awsstudio.net\/wp-content\/uploads\/2026\/03\/laserski-tretman-3.jpg.webp 1080w, https:\/\/diva.awsstudio.net\/wp-content\/uploads\/2026\/03\/laserski-tretman-3.jpg-300x300.webp 300w, https:\/\/diva.awsstudio.net\/wp-content\/uploads\/2026\/03\/laserski-tretman-3.jpg-1024x1024.webp 1024w, https:\/\/diva.awsstudio.net\/wp-content\/uploads\/2026\/03\/laserski-tretman-3.jpg-150x150.webp 150w, https:\/\/diva.awsstudio.net\/wp-content\/uploads\/2026\/03\/laserski-tretman-3.jpg-768x768.webp 768w\" sizes=\"(max-width: 1080px) 100vw, 1080px\" \/><\/div><\/a>\n\t\t\t\t<div class=\"elementor-post__badge\">\u0414\u0435\u0440\u043c\u0430\u0442\u043e\u043b\u043e\u0433\u0438\u0458\u0430<\/div>\n\t\t\t\t<div class=\"elementor-post__text\">\n\t\t\t\t<h4 class=\"elementor-post__title\">\n\t\t\t<a href=\"https:\/\/diva.awsstudio.net\/sr\/izdvajamo-se-vas-sve-o-najtrazenijim-uslugama-po-kojima-je-prepoznatljiva-nasa-dermatoloska-ordinacija\/\" >\n\t\t\t\t\u0418\u0437\u0434\u0432\u0430\u0458\u0430\u043c\u043e \u0441\u0435 \u0432\u0430\u0441: \u0441\u0432\u0435 \u043e \u043d\u0430\u0458\u0442\u0440\u0430\u0436\u0435\u043d\u0438\u0458\u0438\u043c \u0443\u0441\u043b\u0443\u0433\u0430\u043c\u0430 \u043f\u043e \u043a\u043e\u0458\u0438\u043c\u0430 \u0458\u0435 \u043f\u0440\u0435\u043f\u043e\u0437\u043d\u0430\u0442\u0459\u0438\u0432\u0430 \u043d\u0430\u0448\u0430 \u0434\u0435\u0440\u043c\u0430\u0442\u043e\u043b\u043e\u0448\u043a\u0430 \u043e\u0440\u0434\u0438\u043d\u0430\u0446\u0438\u0458\u0430\t\t\t<\/a>\n\t\t<\/h4>\n\t\t\t\t<div class=\"elementor-post__excerpt\">\n\t\t\t<p>\u0411\u0435\u0437 \u043e\u0431\u0437\u0438\u0440\u0430 \u043d\u0430 \u0442\u043e \u0434\u0430 \u043b\u0438 \u0441\u0435 \u0441\u0443\u043e\u0447\u0430\u0432\u0430\u0442\u0435 \u0441\u0430 \u0430\u043a\u043d\u0430\u043c\u0430, \u043a\u0430\u043f\u0438\u043b\u0430\u0440\u0438\u043c\u0430, \u0446\u0440\u0432\u0435\u043d\u0438\u043b\u043e\u043c \u043d\u0430 \u043a\u043e\u0436\u0438, \u0445\u0438\u043f\u0435\u0440\u043f\u0438\u0433\u043c\u0435\u043d\u0442\u0430\u0446\u0438\u0458\u0430\u043c\u0430, \u0444\u043b\u0435\u043a\u0430\u043c\u0430 \u0438\u043b\u0438 \u0436\u0435\u043b\u0438\u0442\u0435 \u0434\u0435\u0440\u043c\u0430\u0442\u043e\u043b\u043e\u0448\u043a\u0438 \u043f\u0440\u0435\u0433\u043b\u0435\u0434, \u0441\u0438\u0441\u0442\u0435\u043c\u0430\u0442\u0441\u043a\u0438 \u043f\u0440\u0435\u0433\u043b\u0435\u0434 \u043a\u043e\u0436\u0435, \u0443\u043a\u043b\u0430\u045a\u0430\u045a\u0435 \u043c\u043b\u0430\u0434\u0435\u0436\u0430, \u0444\u0438\u0431\u0440\u043e\u043c\u0430 \u0438\u043b\u0438 \u0441\u043a\u0438\u0434\u0430\u045a\u0435 \u0431\u0440\u0430\u0434\u0430\u0432\u0438\u0446\u0430\u2026<\/p>\n\t\t<\/div>\n\t\t\t\t<\/div>\n\t\t\t\t\t<\/div>\n\t\t<\/article>\n\t\t\t\t<article class=\"elementor-post elementor-grid-item post-1 post type-post status-publish format-standard has-post-thumbnail hentry category-anti-aging\" role=\"listitem\">\n\t\t\t<div class=\"elementor-post__card\">\n\t\t\t\t<a class=\"elementor-post__thumbnail__link\" href=\"https:\/\/diva.awsstudio.net\/sr\/personalizovani-antiaging-tretman-kako-vam-prp-pomaze-u-ocuvanju-lepe-zdrave-i-negovane-koze\/\" tabindex=\"-1\" ><div class=\"elementor-post__thumbnail\"><img loading=\"lazy\" decoding=\"async\" width=\"1707\" height=\"2560\" src=\"https:\/\/diva.awsstudio.net\/wp-content\/uploads\/2026\/01\/1218089-copy-scaled.jpg\" class=\"attachment-full size-full wp-image-143\" alt=\"\" srcset=\"https:\/\/diva.awsstudio.net\/wp-content\/uploads\/2026\/01\/1218089-copy-scaled.jpg 1707w, https:\/\/diva.awsstudio.net\/wp-content\/uploads\/2026\/01\/1218089-copy-200x300.jpg 200w, https:\/\/diva.awsstudio.net\/wp-content\/uploads\/2026\/01\/1218089-copy-683x1024.jpg 683w, https:\/\/diva.awsstudio.net\/wp-content\/uploads\/2026\/01\/1218089-copy-768x1152.jpg 768w, https:\/\/diva.awsstudio.net\/wp-content\/uploads\/2026\/01\/1218089-copy-1024x1536.jpg 1024w, https:\/\/diva.awsstudio.net\/wp-content\/uploads\/2026\/01\/1218089-copy-1365x2048.jpg 1365w\" sizes=\"(max-width: 1707px) 100vw, 1707px\" \/><\/div><\/a>\n\t\t\t\t<div class=\"elementor-post__badge\">\u0410\u043d\u0442\u0438-\u0435\u0458\u045f\u0438\u043d\u0433<\/div>\n\t\t\t\t<div class=\"elementor-post__text\">\n\t\t\t\t<h4 class=\"elementor-post__title\">\n\t\t\t<a href=\"https:\/\/diva.awsstudio.net\/sr\/personalizovani-antiaging-tretman-kako-vam-prp-pomaze-u-ocuvanju-lepe-zdrave-i-negovane-koze\/\" >\n\t\t\t\tPersonalizovani antiaging tretman: kako vam PRP poma\u017ee u o\u010duvanju lepe, zdrave i negovane ko\u017ee\t\t\t<\/a>\n\t\t<\/h4>\n\t\t\t\t<div class=\"elementor-post__excerpt\">\n\t\t\t<p>Starenje ko\u017ee je prirodan proces, ali zahvaljuju\u0107i napretku nauke, medicine, dermatologije i estetike, sada postoje tretmani koji vam mogu pomo\u0107i ne samo da usporite ovaj  proces&#8230;<\/p>\n\t\t<\/div>\n\t\t\t\t<\/div>\n\t\t\t\t\t<\/div>\n\t\t<\/article>\n\t\t\t\t<\/div>\n\t\t\n\t\t\t\t\t\t<\/div>\n\t\t\t\t<\/div>\n\t\t\t\t\t<\/div>\n\t\t\t\t<\/div>\n\t\t\t\t<\/div>","protected":false},"excerpt":{"rendered":"<p>\u0411\u043b\u043e\u0433<\/p>","protected":false},"author":1,"featured_media":0,"parent":0,"menu_order":0,"comment_status":"closed","ping_status":"closed","template":"","meta":{"_acf_changed":false,"footnotes":""},"class_list":["post-1907","page","type-page","status-publish","hentry"],"acf":[],"_links":{"self":[{"href":"https:\/\/diva.awsstudio.net\/sr\/wp-json\/wp\/v2\/pages\/1907","targetHints":{"allow":["GET"]}}],"collection":[{"href":"https:\/\/diva.awsstudio.net\/sr\/wp-json\/wp\/v2\/pages"}],"about":[{"href":"https:\/\/diva.awsstudio.net\/sr\/wp-json\/wp\/v2\/types\/page"}],"author":[{"embeddable":true,"href":"https:\/\/diva.awsstudio.net\/sr\/wp-json\/wp\/v2\/users\/1"}],"replies":[{"embeddable":true,"href":"https:\/\/diva.awsstudio.net\/sr\/wp-json\/wp\/v2\/comments?post=1907"}],"version-history":[{"count":7,"href":"https:\/\/diva.awsstudio.net\/sr\/wp-json\/wp\/v2\/pages\/1907\/revisions"}],"predecessor-version":[{"id":1915,"href":"https:\/\/diva.awsstudio.net\/sr\/wp-json\/wp\/v2\/pages\/1907\/revisions\/1915"}],"wp:attachment":[{"href":"https:\/\/diva.awsstudio.net\/sr\/wp-json\/wp\/v2\/media?parent=1907"}],"curies":[{"name":"wp","href":"https:\/\/api.w.org\/{rel}","templated":true}]}}